{"id":29,"date":"2021-11-09T20:00:46","date_gmt":"2021-11-09T20:00:46","guid":{"rendered":"https:\/\/www.murauxspec.com\/?page_id=29"},"modified":"2025-11-30T09:51:29","modified_gmt":"2025-11-30T14:51:29","slug":"landing-page","status":"publish","type":"page","link":"https:\/\/www.shaniamania.com\/","title":{"rendered":""},"content":{"rendered":"<div class=\"wpb-content-wrapper\"><p>[vc_row][vc_column]\n\t\t\t\t<p class=\"rs-p-wp-fix\"><\/p>\n\t\t\t\t<sr7-module data-alias=\"slider-1\" data-id=\"1\" id=\"SR7_1_1\" class=\"rs-ov-hidden\" data-version=\"6.7.38\">\n\t\t\t\t\t<sr7-adjuster><\/sr7-adjuster>\n\t\t\t\t\t<sr7-content>\n\t\t\t\t\t\t<sr7-slide id=\"SR7_1_1-1\" data-key=\"1\">\n\t\t\t\t\t\t\t<sr7-txt id=\"SR7_1_1-1-2\" class=\"sr7-layer\">Du Shania Twain \u00e0 son meilleur!<\/sr7-txt>\n\t\t\t\t\t\t<\/sr7-slide>\n\t\t\t\t\t\t<sr7-slide id=\"SR7_1_1-2\" data-key=\"2\">\n\t\t\t\t\t\t<\/sr7-slide>\n\t\t\t\t\t<\/sr7-content>\n\t\t\t\t\t<image_lists style=\"display:none\">\n\t\t\t\t\t\t<img data-src=\"\/\/www.shaniamania.com\/wp-content\/uploads\/2025\/11\/icone-SHANIA-MANIA-1.png\" data-libid=\"158\" data-lib=\"medialibrary\" title=\"icone SHANIAMANIA\" width=\"0\" height=\"0\" data-dbsrc=\"Ly93d3cuc2hhbmlhbWFuaWEuY29tL3dwLWNvbnRlbnQvdXBsb2Fkcy8yMDI1LzExL2ljb25lLVNIQU5JQS1NQU5JQS0xLnBuZw==\"\/>\n\t\t\t\t\t<\/image_lists>\n\t\t\t\t<\/sr7-module>\n\t\t\t\t<script>\n\t\t\t\t\tSR7.PMH ??={}; SR7.PMH[\"SR7_1_1\"] = {cn:100,state:false,fn: function() { if (_tpt!==undefined && _tpt.prepareModuleHeight !== undefined) {  _tpt.prepareModuleHeight({id:\"SR7_1_1\",el:[900,900,768,960,720],type:'standard',shdw:'0',gh:[900,900,768,960,720],gw:[1240,1240,1024,778,480],vpt:['-100px&#039;,&#039;-100px&#039;,&#039;-100px&#039;,&#039;-100px&#039;,&#039;-100px'],size:{fullWidth:false, fullHeight:false},mh:'0',onh:0,onw:0,bg:{color:'{\"orig\":\"transparent\",\"type\":\"solid\",\"string\":\"transparent\"}'}});   SR7.PMH[\"SR7_1_1\"].state=true;} else if(SR7.PMH[\"SR7_1_1\"].cn-->0)\tsetTimeout( SR7.PMH[\"SR7_1_1\"].fn,19);}};SR7.PMH[\"SR7_1_1\" ].fn();\n\t\t\t\t<\/script>\n[\/vc_column][\/vc_row][vc_row][vc_column][vc_empty_space][\/vc_column][\/vc_row][vc_section el_id=\u00a0\u00bba-propos\u00a0\u00bb][\/vc_section][vc_row][vc_column][vc_separator css=\u00a0\u00bb\u00a0\u00bb][\/vc_column][\/vc_row][vc_row][vc_column parallax=\u00a0\u00bbcontent-moving-fade\u00a0\u00bb][vc_column_text css_animation=\u00a0\u00bbfadeIn\u00a0\u00bb css=\u00a0\u00bb.vc_custom_1762914571463{background-color: #6B000000 !important;}\u00a0\u00bb]<\/p>\n<h3 style=\"text-align: center;\">Un incontournable pour les amateurs de country-pop!<\/h3>\n<p style=\"text-align: center;\"><strong>Revivez les plus grands succ\u00e8s de la reine de la musique Country Pop Shania Twain avec le band Shania Mania.<\/strong><\/p>\n<p style=\"text-align: center;\"><strong>Ce spectacle hommage vous transporte dans l\u2019univers envo\u00fbtant de Shania Twain, une artiste qui a marqu\u00e9 des g\u00e9n\u00e9rations avec des hits incontournables comme Man! I Feel Like a Woman, You\u2019re Still the One et That Don\u2019t Impress Me Much.<\/strong><\/p>\n<p style=\"text-align: center;\"><strong>Port\u00e9 par une chanteuse, une choriste, ainsi que par des musiciens chevronn\u00e9s, Shania Mania recr\u00e9e avec brio l\u2019ambiance \u00e9lectrisante des concerts de Shania Twain, un incontournable pour les amateurs de Country Pop et de grands succ\u00e8s intemporels.<\/strong><\/p>\n<p style=\"text-align: center;\"><strong>Que ce soit pour un festival, une salle de spectacle, un \u00e9v\u00e9nement corporatif, un party de No\u00ebl, une f\u00eate municipale etc, ce spectacle est une garantie de succ\u00e8s!<\/strong><\/p>\n<p style=\"text-align: center;\"><strong>Laissez-vous emporter par la fi\u00e8vre Shania Twain et offrez \u00e0 votre public une soir\u00e9e inoubliable!<\/strong><\/p>\n<p>[\/vc_column_text][\/vc_column][\/vc_row][vc_section el_id=\u00a0\u00bbbio\u00a0\u00bb][\/vc_section][vc_row full_width=\u00a0\u00bbstretch_row_content\u00a0\u00bb][vc_column css_animation=\u00a0\u00bbnone\u00a0\u00bb width=\u00a0\u00bb1\/2&Prime;][vc_separator css=\u00a0\u00bb\u00a0\u00bb][vc_row_inner][vc_column_inner width=\u00a0\u00bb1\/2&Prime;][vc_single_image image=\u00a0\u00bb248&Prime; img_size=\u00a0\u00bbmedium\u00a0\u00bb alignment=\u00a0\u00bbcenter\u00a0\u00bb css=\u00a0\u00bb\u00a0\u00bb][\/vc_column_inner][vc_column_inner width=\u00a0\u00bb1\/2&Prime;][vc_column_text css=\u00a0\u00bb\u00a0\u00bb]<\/p>\n<h3 style=\"text-align: center;\"><strong>Elyzabeth Gendron<\/strong><\/h3>\n<p><strong>Avec une voix puissante et une grande aisance sur sc\u00e8ne, Elyzabeth incarne l\u2019esprit de Shania Twain avec passion.<\/strong><\/p>\n<p><strong>Elle s\u2019est produite \u00e0 maintes reprises dans divers \u00e9v\u00e9nements tels que des festivals country, des mariages, des fun\u00e9railles etc, s\u2019adaptant \u00e0 tous les styles musicaux.<\/strong><\/p>\n<p><strong>Membre d\u2019une chorale gospel, elle a chant\u00e9 devant 800 000 personnes en tant que soliste lors des Journ\u00e9es mondiales de la jeunesse \u00e0 Toronto en 2002. Cet \u00e9v\u00e9nement t\u00e9l\u00e9diffus\u00e9 mondialement avait lieu en pr\u00e9sence du pape sur la plus grande sc\u00e8ne en Am\u00e9rique du Nord \u00e0 l\u2019\u00e9poque.<\/strong>[\/vc_column_text][\/vc_column_inner][\/vc_row_inner][\/vc_column][vc_column width=\u00a0\u00bb1\/2&Prime;][vc_separator css=\u00a0\u00bb\u00a0\u00bb][vc_row_inner][vc_column_inner width=\u00a0\u00bb1\/2&Prime;][vc_single_image image=\u00a0\u00bb250&Prime; img_size=\u00a0\u00bbmedium\u00a0\u00bb alignment=\u00a0\u00bbcenter\u00a0\u00bb css=\u00a0\u00bb\u00a0\u00bb][\/vc_column_inner][vc_column_inner width=\u00a0\u00bb1\/2&Prime;][vc_column_text css=\u00a0\u00bb\u00a0\u00bb]<\/p>\n<h3 style=\"text-align: center;\">Julie Paquin-Bergeron<\/h3>\n<p style=\"text-align: left;\"><strong>Chanteuse passionn\u00e9e, Julie vit pour l\u2019\u00e9motion et l\u2019\u00e9nergie de la sc\u00e8ne. <\/strong><strong>Depuis ses d\u00e9buts, elle a explor\u00e9 le chant, le jeu et la danse, multipliant les exp\u00e9riences comme soliste, notamment \u00e0 la Place des Arts.<\/strong><\/p>\n<p style=\"text-align: left;\"><strong>On l\u2019a vue dans des com\u00e9dies musicales et des ensembles vocaux, o\u00f9 sa polyvalence, sa pr\u00e9sence et son oreille musicale se sont d\u00e9marqu\u00e9es. Elle a partag\u00e9 la sc\u00e8ne avec de grands noms de la chanson qu\u00e9b\u00e9coise, dont Gr\u00e9gory Charles, Marie-Mai, Marc Dupr\u00e9, Chlo\u00e9 Sainte-Marie et Joe Bocan. Choriste aguerrie, elle ma\u00eetrise avec passion les harmonies vocales qui, selon elle, enrichissent et \u00e9l\u00e8vent chaque chanson.<\/strong><\/p>\n<p>[\/vc_column_text][\/vc_column_inner][\/vc_row_inner][\/vc_column][\/vc_row][vc_row full_width=\u00a0\u00bbstretch_row_content\u00a0\u00bb][vc_column width=\u00a0\u00bb1\/2&Prime;][vc_separator][vc_row_inner][vc_column_inner width=\u00a0\u00bb1\/2&Prime;][vc_single_image image=\u00a0\u00bb249&Prime; img_size=\u00a0\u00bbmedium\u00a0\u00bb alignment=\u00a0\u00bbcenter\u00a0\u00bb css=\u00a0\u00bb\u00a0\u00bb][\/vc_column_inner][vc_column_inner width=\u00a0\u00bb1\/2&Prime;][vc_column_text css=\u00a0\u00bb\u00a0\u00bb]<\/p>\n<h3 style=\"text-align: center;\">Guillaume Dubuc<\/h3>\n<p><strong>Issu d\u2019une famille de musiciens, Guillaume a touch\u00e9 \u00e0 sa premi\u00e8re guitare alors qu&rsquo;il n&rsquo;avait que quatre jours!<\/strong><\/p>\n<p><strong>Depuis, la musique est devenue sa seconde nature. Entre cours priv\u00e9s, \u00e9tudes en musique au C\u00e9gep et \u00e0 l\u2019Universit\u00e9 et des heures incalculables de pratiques, il a fa\u00e7onn\u00e9 le musicien qu&rsquo;il est aujourd\u2019hui.<\/strong><\/p>\n<p><strong>Sur sc\u00e8ne, on l\u2019appelle RED, un surnom h\u00e9rit\u00e9 de sa chevelure de feu et de son temp\u00e9rament ardent, notamment au sein de Sickworld Muzik.<\/strong><\/p>\n<p><strong>Tel un Cupidon, sa guitare est son arc, et chaque note qu&rsquo;il joue est une fl\u00e8che de bonheur envoy\u00e9e droit au c\u0153ur du public.<\/strong>[\/vc_column_text][\/vc_column_inner][\/vc_row_inner][\/vc_column][vc_column width=\u00a0\u00bb1\/2&Prime;][vc_separator][vc_row_inner][vc_column_inner width=\u00a0\u00bb1\/2&Prime;][vc_single_image image=\u00a0\u00bb254&Prime; img_size=\u00a0\u00bbmedium\u00a0\u00bb alignment=\u00a0\u00bbcenter\u00a0\u00bb css=\u00a0\u00bb\u00a0\u00bb][\/vc_column_inner][vc_column_inner width=\u00a0\u00bb1\/2&Prime;][vc_column_text css=\u00a0\u00bb\u00a0\u00bb]<\/p>\n<h3 style=\"text-align: center;\">St\u00e9phanie Beauparlant<\/h3>\n<p style=\"text-align: left;\"><strong>Artiste versatile et d\u2019un grand talent, elle est dipl\u00f4m\u00e9e du Conservatoire de musique de Montr\u00e9al. <\/strong><\/p>\n<p style=\"text-align: left;\"><strong>Son parcours riche et diversifi\u00e9 l\u2019a men\u00e9e \u00e0 se produire dans une multitude de contextes : mariages, fun\u00e9railles, concerts de musique classique, country et bien plus encore. <\/strong><\/p>\n<p style=\"text-align: left;\"><strong>Gr\u00e2ce \u00e0 sa sensibilit\u00e9 musicale et \u00e0 sa ma\u00eetrise du violon, elle sait toucher le c\u0153ur de son public, peu importe le style ou l\u2019occasion.<\/strong><\/p>\n<p>[\/vc_column_text][\/vc_column_inner][\/vc_row_inner][\/vc_column][\/vc_row][vc_row full_width=\u00a0\u00bbstretch_row_content\u00a0\u00bb][vc_column width=\u00a0\u00bb1\/2&Prime;][vc_separator css=\u00a0\u00bb\u00a0\u00bb][vc_row_inner][vc_column_inner width=\u00a0\u00bb1\/2&Prime;][vc_single_image image=\u00a0\u00bb252&Prime; img_size=\u00a0\u00bbmedium\u00a0\u00bb alignment=\u00a0\u00bbcenter\u00a0\u00bb css=\u00a0\u00bb\u00a0\u00bb][\/vc_column_inner][vc_column_inner width=\u00a0\u00bb1\/2&Prime;][vc_column_text css=\u00a0\u00bb\u00a0\u00bb]<\/p>\n<h3 style=\"text-align: center;\">Patrick Lavoie<\/h3>\n<p style=\"text-align: left;\"><strong>Guitariste exp\u00e9riment\u00e9, berc\u00e9 par la musique depuis son plus jeune \u00e2ge, Patrick a explor\u00e9 une multitude de styles au fil des ann\u00e9es.<\/strong><\/p>\n<p style=\"text-align: left;\"><strong>D\u00e8s l\u2019\u00e2ge de 14 ans, il a rejoint son premier groupe et depuis, il cumule les prestations sur sc\u00e8ne, en studio, comme chansonnier, lors d&rsquo;\u00e9v\u00e9nements tels que les mariages, fun\u00e9railles etc.<\/strong><\/p>\n<p style=\"text-align: left;\"><strong>Passionn\u00e9 par la pr\u00e9cision, il aime que la musique \u201clock\u201d, que chaque note soit en place, et que d\u00e8s les premiers accords, le public reconnaisse instantan\u00e9ment la chanson.<\/strong><\/p>\n<p>[\/vc_column_text][\/vc_column_inner][\/vc_row_inner][\/vc_column][vc_column width=\u00a0\u00bb1\/2&Prime;][vc_separator css=\u00a0\u00bb\u00a0\u00bb][vc_row_inner][vc_column_inner width=\u00a0\u00bb1\/2&Prime;][vc_single_image image=\u00a0\u00bb251&Prime; img_size=\u00a0\u00bbmedium\u00a0\u00bb alignment=\u00a0\u00bbcenter\u00a0\u00bb css=\u00a0\u00bb\u00a0\u00bb][\/vc_column_inner][vc_column_inner width=\u00a0\u00bb1\/2&Prime;][vc_column_text css=\u00a0\u00bb\u00a0\u00bb]<\/p>\n<h3 style=\"text-align: center;\">Normand Paquette<\/h3>\n<p><strong>Bassiste d\u2019exp\u00e9rience, passionn\u00e9 de musique au style simple et efficace. Allant du Pop Rock au Classic Rock en passant par le Blues, chaque note est pens\u00e9e pour soutenir le groove et l\u2019\u00e9nergie du groupe.<\/strong><\/p>\n<p><strong>Une pr\u00e9sence sc\u00e9nique affirm\u00e9e et de nombreuses collaborations avec des formations comme Special Delivery, The Medley Kings, Antidote (Les Derniers Patriotes), Legends Classic Rock et plus r\u00e9cemment, 5539 Blues Avenue.<\/strong><\/p>\n<p><strong>En studio comme sur sc\u00e8ne, Normand est toujours guid\u00e9 par la musicalit\u00e9 et l\u2019authenticit\u00e9.<\/strong>[\/vc_column_text][\/vc_column_inner][\/vc_row_inner][\/vc_column][\/vc_row][vc_row full_width=\u00a0\u00bbstretch_row_content\u00a0\u00bb][vc_column width=\u00a0\u00bb1\/2&Prime;][vc_separator css=\u00a0\u00bb\u00a0\u00bb][vc_row_inner][vc_column_inner width=\u00a0\u00bb1\/2&Prime;][vc_single_image image=\u00a0\u00bb253&Prime; img_size=\u00a0\u00bbmedium\u00a0\u00bb alignment=\u00a0\u00bbcenter\u00a0\u00bb css=\u00a0\u00bb\u00a0\u00bb][\/vc_column_inner][vc_column_inner width=\u00a0\u00bb1\/2&Prime;][vc_column_text css=\u00a0\u00bb\u00a0\u00bb]<\/p>\n<h3 style=\"text-align: center;\">St\u00e9phane Gemme<\/h3>\n<p><strong>Batteur polyvalent, St\u00e9phane a commenc\u00e9 \u00e0 se produire en spectacle d\u00e8s l\u2019\u00e2ge de 13 ans lors des c\u00e9l\u00e9brations de la Saint-Jean-Baptiste. Gr\u00e2ce aux rencontres marquantes dans le milieu musical, il a su \u00e9largir son r\u00e9pertoire en explorant divers styles allant du Rock au Classic Rock, en passant par le r\u00e9pertoire qu\u00e9b\u00e9cois aux Oldies.\u00a0Au fil des ann\u00e9es, il a eu la chance de jouer avec des groupes de renom et de participer \u00e0 plusieurs grands festivals \u00e0 travers le Qu\u00e9bec. Sur sc\u00e8ne, l\u2019\u00e9nergie et la complicit\u00e9 avec les musiciens sont essentielles, mais ce qui le passionne avant tout c\u2019est le partage avec le public.\u00a0Car sans public, il n\u2019y a pas de spectacle.<\/strong>[\/vc_column_text][\/vc_column_inner][\/vc_row_inner][\/vc_column][\/vc_row][vc_row content_placement=\u00a0\u00bbmiddle\u00a0\u00bb][vc_column][vc_separator css=\u00a0\u00bb\u00a0\u00bb][\/vc_column][\/vc_row][vc_section el_id=\u00a0\u00bbdemo\u00a0\u00bb][vc_row][vc_column][vc_raw_html css=\u00a0\u00bb\u00a0\u00bb]JTNDaWZyYW1lJTIwd2lkdGglM0QlMjI1NjAlMjIlMjBoZWlnaHQlM0QlMjIzMTUlMjIlMjBzcmMlM0QlMjJodHRwcyUzQSUyRiUyRnd3dy55b3V0dWJlLmNvbSUyRmVtYmVkJTJGdlU3ZWotQlZ4SFElM0ZzaSUzRDJyMmw4Ylc2QU9TaHl2OVQlMjZjb250cm9scyUzRDAlMjIlMjB0aXRsZSUzRCUyMllvdVR1YmUlMjB2aWRlbyUyMHBsYXllciUyMiUyMGZyYW1lYm9yZGVyJTNEJTIyMCUyMiUyMGFsbG93JTNEJTIyYWNjZWxlcm9tZXRlciUzQiUyMGF1dG9wbGF5JTNCJTIwY2xpcGJvYXJkLXdyaXRlJTNCJTIwZW5jcnlwdGVkLW1lZGlhJTNCJTIwZ3lyb3Njb3BlJTNCJTIwcGljdHVyZS1pbi1waWN0dXJlJTNCJTIwd2ViLXNoYXJlJTIyJTIwcmVmZXJyZXJwb2xpY3klM0QlMjJzdHJpY3Qtb3JpZ2luLXdoZW4tY3Jvc3Mtb3JpZ2luJTIyJTIwYWxsb3dmdWxsc2NyZWVuJTNFJTNDJTJGaWZyYW1lJTNF[\/vc_raw_html][\/vc_column][\/vc_row][\/vc_section][vc_row content_placement=\u00a0\u00bbmiddle\u00a0\u00bb][vc_column][vc_separator css=\u00a0\u00bb\u00a0\u00bb][\/vc_column][\/vc_row][vc_section el_id=\u00a0\u00bbcontact\u00a0\u00bb][vc_row][vc_column width=\u00a0\u00bb1\/3&Prime;][\/vc_column][vc_column width=\u00a0\u00bb1\/3&Prime;][vc_column_text css=\u00a0\u00bb\u00a0\u00bb]<\/p>\n<h3 style=\"text-align: center;\">Contactez-nous<\/h3>\n<p>[\/vc_column_text]\n<div class=\"wpcf7 no-js\" id=\"wpcf7-f199-o1\" lang=\"en-US\" dir=\"ltr\" data-wpcf7-id=\"199\">\n<div class=\"screen-reader-response\"><p role=\"status\" aria-live=\"polite\" aria-atomic=\"true\"><\/p> <ul><\/ul><\/div>\n<form action=\"\/index.php\/wp-json\/wp\/v2\/pages\/29#wpcf7-f199-o1\" method=\"post\" class=\"wpcf7-form init\" aria-label=\"Contact form\" novalidate=\"novalidate\" data-status=\"init\">\n<fieldset class=\"hidden-fields-container\"><input type=\"hidden\" name=\"_wpcf7\" value=\"199\" \/><input type=\"hidden\" name=\"_wpcf7_version\" value=\"6.1.4\" \/><input type=\"hidden\" name=\"_wpcf7_locale\" value=\"en_US\" \/><input type=\"hidden\" name=\"_wpcf7_unit_tag\" value=\"wpcf7-f199-o1\" \/><input type=\"hidden\" name=\"_wpcf7_container_post\" value=\"0\" \/><input type=\"hidden\" name=\"_wpcf7_posted_data_hash\" value=\"\" \/>\n<\/fieldset>\n<p><label> Nom<br \/>\n<span class=\"wpcf7-form-control-wrap\" data-name=\"your-name\"><input size=\"40\" maxlength=\"400\" class=\"wpcf7-form-control wpcf7-text wpcf7-validates-as-required\" autocomplete=\"name\" aria-required=\"true\" aria-invalid=\"false\" value=\"\" type=\"text\" name=\"your-name\" \/><\/span> <\/label>\n<\/p>\n<p><label> Adresse courriel<br \/>\n<span class=\"wpcf7-form-control-wrap\" data-name=\"your-email\"><input size=\"40\" maxlength=\"400\" class=\"wpcf7-form-control wpcf7-email wpcf7-validates-as-required wpcf7-text wpcf7-validates-as-email\" autocomplete=\"email\" aria-required=\"true\" aria-invalid=\"false\" value=\"\" type=\"email\" name=\"your-email\" \/><\/span> <\/label>\n<\/p>\n<p><label> Sujet<br \/>\n<span class=\"wpcf7-form-control-wrap\" data-name=\"your-subject\"><input size=\"40\" maxlength=\"400\" class=\"wpcf7-form-control wpcf7-text wpcf7-validates-as-required\" aria-required=\"true\" aria-invalid=\"false\" value=\"\" type=\"text\" name=\"your-subject\" \/><\/span> <\/label>\n<\/p>\n<p><label> Message<br \/>\n<span class=\"wpcf7-form-control-wrap\" data-name=\"your-message\"><textarea cols=\"40\" rows=\"10\" maxlength=\"2000\" class=\"wpcf7-form-control wpcf7-textarea\" aria-invalid=\"false\" name=\"your-message\"><\/textarea><\/span> <\/label>\n<\/p>\n<p><input class=\"wpcf7-form-control wpcf7-submit has-spinner\" type=\"submit\" value=\"Soumettre\" \/>\n<\/p><p style=\"display: none !important;\" class=\"akismet-fields-container\" data-prefix=\"_wpcf7_ak_\"><label>&#916;<textarea name=\"_wpcf7_ak_hp_textarea\" cols=\"45\" rows=\"8\" maxlength=\"100\"><\/textarea><\/label><input type=\"hidden\" id=\"ak_js_1\" name=\"_wpcf7_ak_js\" value=\"126\"\/><script>document.getElementById( \"ak_js_1\" ).setAttribute( \"value\", ( new Date() ).getTime() );<\/script><\/p><div class=\"wpcf7-response-output\" aria-hidden=\"true\"><\/div>\n<\/form>\n<\/div>\n[\/vc_column][vc_column width=\u00a0\u00bb1\/3&Prime;][\/vc_column][\/vc_row][\/vc_section]<\/p>\n<\/div>","protected":false},"excerpt":{"rendered":"<p>[vc_row][vc_column][\/vc_column][\/vc_row][vc_row][vc_column][vc_empty_space][\/vc_column][\/vc_row][vc_section el_id=\u00a0\u00bba-propos\u00a0\u00bb][\/vc_section][vc_row][vc_column][vc_separator css=\u00a0\u00bb\u00a0\u00bb][\/vc_column][\/vc_row][vc_row][vc_column parallax=\u00a0\u00bbcontent-moving-fade\u00a0\u00bb][vc_column_text css_animation=\u00a0\u00bbfadeIn\u00a0\u00bb css=\u00a0\u00bb.vc_custom_1762914571463{background-color: #6B000000 !important;}\u00a0\u00bb] Un incontournable pour les amateurs de country-pop! Revivez les plus grands succ\u00e8s de la [&hellip;]<\/p>\n","protected":false},"author":2,"featured_media":0,"parent":0,"menu_order":0,"comment_status":"closed","ping_status":"closed","template":"","meta":{"footnotes":""},"class_list":["post-29","page","type-page","status-publish","hentry"],"_links":{"self":[{"href":"https:\/\/www.shaniamania.com\/index.php\/wp-json\/wp\/v2\/pages\/29","targetHints":{"allow":["GET"]}}],"collection":[{"href":"https:\/\/www.shaniamania.com\/index.php\/wp-json\/wp\/v2\/pages"}],"about":[{"href":"https:\/\/www.shaniamania.com\/index.php\/wp-json\/wp\/v2\/types\/page"}],"author":[{"embeddable":true,"href":"https:\/\/www.shaniamania.com\/index.php\/wp-json\/wp\/v2\/users\/2"}],"replies":[{"embeddable":true,"href":"https:\/\/www.shaniamania.com\/index.php\/wp-json\/wp\/v2\/comments?post=29"}],"version-history":[{"count":60,"href":"https:\/\/www.shaniamania.com\/index.php\/wp-json\/wp\/v2\/pages\/29\/revisions"}],"predecessor-version":[{"id":257,"href":"https:\/\/www.shaniamania.com\/index.php\/wp-json\/wp\/v2\/pages\/29\/revisions\/257"}],"wp:attachment":[{"href":"https:\/\/www.shaniamania.com\/index.php\/wp-json\/wp\/v2\/media?parent=29"}],"curies":[{"name":"wp","href":"https:\/\/api.w.org\/{rel}","templated":true}]}}